{"id":14,"date":"2025-03-19T22:12:39","date_gmt":"2025-03-20T01:12:39","guid":{"rendered":"http:\/\/medicaltourismbrazil.com.br\/?page_id=14"},"modified":"2025-04-22T15:37:13","modified_gmt":"2025-04-22T18:37:13","slug":"privacy","status":"publish","type":"page","link":"https:\/\/medicaltourismbrazil.com.br\/es\/privacy\/","title":{"rendered":"pol\u00edtica de privacidad"},"content":{"rendered":"<p><strong>\u00daltima actualizaci\u00f3n: 3 de marzo de 2025<\/strong><\/p>\r\n<p>Bienvenido a <strong>Medical Tourism Brazil<\/strong> (\u201cnosotros\u201d, \u201cnuestro\u201d o \u201cnos\u201d). Su privacidad es importante para nosotros. Esta Pol\u00edtica de Privacidad explica c\u00f3mo recopilamos, usamos, divulgamos y protegemos su informaci\u00f3n personal de acuerdo con el Reglamento General de Protecci\u00f3n de Datos (RGPD), la Ley de Privacidad del Consumidor de California (CCPA) y la Ley General de Protecci\u00f3n de Datos de Brasil (LGPD).<\/p>\r\n<div id=\"ez-toc-container\" class=\"ez-toc-v2_0_82_2 counter-hierarchy ez-toc-counter ez-toc-grey ez-toc-container-direction\">\n<div class=\"ez-toc-title-container\">\n<p class=\"ez-toc-title\" style=\"cursor:inherit\">Content<\/p>\n<span class=\"ez-toc-title-toggle\"><\/span><\/div>\n<nav><ul class='ez-toc-list ez-toc-list-level-1' ><li class='ez-toc-page-1 ez-toc-heading-level-2'><a class=\"ez-toc-link ez-toc-heading-1\" href=\"https:\/\/medicaltourismbrazil.com.br\/es\/privacy\/#i\" >\u00a0<\/a><\/li><li class='ez-toc-page-1 ez-toc-heading-level-2'><a class=\"ez-toc-link ez-toc-heading-2\" href=\"https:\/\/medicaltourismbrazil.com.br\/es\/privacy\/#1_Information_We_Collect\" >1. Informaci\u00f3n que recopilamos<\/a><ul class='ez-toc-list-level-3' ><li class='ez-toc-heading-level-3'><a class=\"ez-toc-link ez-toc-heading-3\" href=\"https:\/\/medicaltourismbrazil.com.br\/es\/privacy\/#Personal_Information\" >Informaci\u00f3n personal<\/a><\/li><li class='ez-toc-page-1 ez-toc-heading-level-3'><a class=\"ez-toc-link ez-toc-heading-4\" href=\"https:\/\/medicaltourismbrazil.com.br\/es\/privacy\/#Automated_Data_Collection\" >Recopilaci\u00f3n automatizada de datos<\/a><\/li><li class='ez-toc-page-1 ez-toc-heading-level-3'><a class=\"ez-toc-link ez-toc-heading-5\" href=\"https:\/\/medicaltourismbrazil.com.br\/es\/privacy\/#Security_Measures\" >Medidas de seguridad<\/a><\/li><\/ul><\/li><li class='ez-toc-page-1 ez-toc-heading-level-2'><a class=\"ez-toc-link ez-toc-heading-6\" href=\"https:\/\/medicaltourismbrazil.com.br\/es\/privacy\/#i-2\" >\u00a0<\/a><\/li><li class='ez-toc-page-1 ez-toc-heading-level-2'><a class=\"ez-toc-link ez-toc-heading-7\" href=\"https:\/\/medicaltourismbrazil.com.br\/es\/privacy\/#2_How_We_Use_Your_Information\" >2. C\u00f3mo usamos su informaci\u00f3n<\/a><\/li><li class='ez-toc-page-1 ez-toc-heading-level-2'><a class=\"ez-toc-link ez-toc-heading-8\" href=\"https:\/\/medicaltourismbrazil.com.br\/es\/privacy\/#i-3\" >\u00a0<\/a><\/li><li class='ez-toc-page-1 ez-toc-heading-level-2'><a class=\"ez-toc-link ez-toc-heading-9\" href=\"https:\/\/medicaltourismbrazil.com.br\/es\/privacy\/#3_Sharing_Your_Information\" >3. Compartir su informaci\u00f3n<\/a><ul class='ez-toc-list-level-3' ><li class='ez-toc-heading-level-3'><a class=\"ez-toc-link ez-toc-heading-10\" href=\"https:\/\/medicaltourismbrazil.com.br\/es\/privacy\/#With_Service_Providers\" >Con proveedores de servicios<\/a><\/li><li class='ez-toc-page-1 ez-toc-heading-level-3'><a class=\"ez-toc-link ez-toc-heading-11\" href=\"https:\/\/medicaltourismbrazil.com.br\/es\/privacy\/#Legal_Requirements\" >Requisitos legales<\/a><\/li><\/ul><\/li><li class='ez-toc-page-1 ez-toc-heading-level-2'><a class=\"ez-toc-link ez-toc-heading-12\" href=\"https:\/\/medicaltourismbrazil.com.br\/es\/privacy\/#i-4\" >\u00a0<\/a><\/li><li class='ez-toc-page-1 ez-toc-heading-level-2'><a class=\"ez-toc-link ez-toc-heading-13\" href=\"https:\/\/medicaltourismbrazil.com.br\/es\/privacy\/#4_Your_Rights\" >4. Sus derechos<\/a><ul class='ez-toc-list-level-3' ><li class='ez-toc-heading-level-3'><a class=\"ez-toc-link ez-toc-heading-14\" href=\"https:\/\/medicaltourismbrazil.com.br\/es\/privacy\/#GDPR_EU_Users\" >RGPD (Usuarios de la UE)<\/a><\/li><li class='ez-toc-page-1 ez-toc-heading-level-3'><a class=\"ez-toc-link ez-toc-heading-15\" href=\"https:\/\/medicaltourismbrazil.com.br\/es\/privacy\/#CCPA_California_Residents\" >CCPA (residentes de California)<\/a><\/li><li class='ez-toc-page-1 ez-toc-heading-level-3'><a class=\"ez-toc-link ez-toc-heading-16\" href=\"https:\/\/medicaltourismbrazil.com.br\/es\/privacy\/#LGPD_Brazil_Users\" >LGPD (usuarios de Brasil)<\/a><\/li><\/ul><\/li><li class='ez-toc-page-1 ez-toc-heading-level-2'><a class=\"ez-toc-link ez-toc-heading-17\" href=\"https:\/\/medicaltourismbrazil.com.br\/es\/privacy\/#i-5\" >\u00a0<\/a><\/li><li class='ez-toc-page-1 ez-toc-heading-level-2'><a class=\"ez-toc-link ez-toc-heading-18\" href=\"https:\/\/medicaltourismbrazil.com.br\/es\/privacy\/#5_Data_Security\" >5. Seguridad de los datos<\/a><\/li><li class='ez-toc-page-1 ez-toc-heading-level-2'><a class=\"ez-toc-link ez-toc-heading-19\" href=\"https:\/\/medicaltourismbrazil.com.br\/es\/privacy\/#i-6\" >\u00a0<\/a><\/li><li class='ez-toc-page-1 ez-toc-heading-level-2'><a class=\"ez-toc-link ez-toc-heading-20\" href=\"https:\/\/medicaltourismbrazil.com.br\/es\/privacy\/#6_Cookies_and_Tracking_Technologies\" >6. Cookies y tecnolog\u00edas de seguimiento<\/a><\/li><li class='ez-toc-page-1 ez-toc-heading-level-2'><a class=\"ez-toc-link ez-toc-heading-21\" href=\"https:\/\/medicaltourismbrazil.com.br\/es\/privacy\/#i-7\" >\u00a0<\/a><\/li><li class='ez-toc-page-1 ez-toc-heading-level-2'><a class=\"ez-toc-link ez-toc-heading-22\" href=\"https:\/\/medicaltourismbrazil.com.br\/es\/privacy\/#7_Changes_to_This_Policy\" >7. Cambios a esta Pol\u00edtica<\/a><\/li><li class='ez-toc-page-1 ez-toc-heading-level-2'><a class=\"ez-toc-link ez-toc-heading-23\" href=\"https:\/\/medicaltourismbrazil.com.br\/es\/privacy\/#i-8\" >\u00a0<\/a><\/li><li class='ez-toc-page-1 ez-toc-heading-level-2'><a class=\"ez-toc-link ez-toc-heading-24\" href=\"https:\/\/medicaltourismbrazil.com.br\/es\/privacy\/#8_Contact_Us\" >8. Cont\u00e1ctenos<\/a><\/li><\/ul><\/nav><\/div>\n<h2 class=\"wp-block-heading\"><span class=\"ez-toc-section\" id=\"i\"><\/span>\u00a0<span class=\"ez-toc-section-end\"><\/span><\/h2>\r\n<h2><span class=\"ez-toc-section\" id=\"1_Information_We_Collect\"><\/span>1. Informaci\u00f3n que recopilamos<span class=\"ez-toc-section-end\"><\/span><\/h2>\r\n<h3><span class=\"ez-toc-section\" id=\"Personal_Information\"><\/span>Informaci\u00f3n personal<span class=\"ez-toc-section-end\"><\/span><\/h3>\r\n<p>Recopilamos informaci\u00f3n personal cuando env\u00eda un formulario en nuestro sitio web, incluido su nombre, direcci\u00f3n de correo electr\u00f3nico, n\u00famero de tel\u00e9fono y cualquier otro detalle que proporcione.<\/p>\r\n<h3><span class=\"ez-toc-section\" id=\"Automated_Data_Collection\"><\/span>Recopilaci\u00f3n automatizada de datos<span class=\"ez-toc-section-end\"><\/span><\/h3>\r\n<p>Nosotros usamos <strong>Google Analytics<\/strong> para recopilar datos sobre el uso del sitio web, incluida su direcci\u00f3n IP, tipo de dispositivo, navegador y comportamiento de navegaci\u00f3n.<\/p>\r\n<h3><span class=\"ez-toc-section\" id=\"Security_Measures\"><\/span>Medidas de seguridad<span class=\"ez-toc-section-end\"><\/span><\/h3>\r\n<p>Nosotros usamos <strong>Google reCAPTCHA<\/strong> Para evitar el spam y garantizar la seguridad. Este servicio podr\u00eda recopilar datos para verificar que eres humano.<\/p>\r\n<h2><span class=\"ez-toc-section\" id=\"i-2\"><\/span>\u00a0<span class=\"ez-toc-section-end\"><\/span><\/h2>\r\n<h2><span class=\"ez-toc-section\" id=\"2_How_We_Use_Your_Information\"><\/span>2. C\u00f3mo usamos su informaci\u00f3n<span class=\"ez-toc-section-end\"><\/span><\/h2>\r\n<p>Utilizamos su informaci\u00f3n para los siguientes fines:<\/p>\r\n<ul>\r\n<li>Para responder consultas y brindar asistencia al cliente.<\/li>\r\n<li>Para mejorar nuestro sitio web y nuestros servicios en funci\u00f3n del comportamiento del usuario.<\/li>\r\n<li>Para garantizar la seguridad y prevenir actividades fraudulentas.<\/li>\r\n<li>Para cumplir con obligaciones legales.<\/li>\r\n<\/ul>\r\n<h2><span class=\"ez-toc-section\" id=\"i-3\"><\/span>\u00a0<span class=\"ez-toc-section-end\"><\/span><\/h2>\r\n<h2><span class=\"ez-toc-section\" id=\"3_Sharing_Your_Information\"><\/span>3. Compartir su informaci\u00f3n<span class=\"ez-toc-section-end\"><\/span><\/h2>\r\n<p>No vendemos sus datos personales. Sin embargo, podr\u00edamos compartir su informaci\u00f3n en los siguientes casos:<\/p>\r\n<h3><span class=\"ez-toc-section\" id=\"With_Service_Providers\"><\/span>Con proveedores de servicios<span class=\"ez-toc-section-end\"><\/span><\/h3>\r\n<p>Utilizamos servicios de terceros como <strong>Google Analytics<\/strong> y <strong>reCAPTCHA<\/strong>.<\/p>\r\n<h3><span class=\"ez-toc-section\" id=\"Legal_Requirements\"><\/span>Requisitos legales<span class=\"ez-toc-section-end\"><\/span><\/h3>\r\n<p>Si la ley lo requiere, podemos divulgar su informaci\u00f3n para cumplir con los procesos legales.<\/p>\r\n<h2><span class=\"ez-toc-section\" id=\"i-4\"><\/span>\u00a0<span class=\"ez-toc-section-end\"><\/span><\/h2>\r\n<h2><span class=\"ez-toc-section\" id=\"4_Your_Rights\"><\/span>4. Sus derechos<span class=\"ez-toc-section-end\"><\/span><\/h2>\r\n<p>Dependiendo de su ubicaci\u00f3n, usted tiene ciertos derechos de privacidad:<\/p>\r\n<h3><span class=\"ez-toc-section\" id=\"GDPR_EU_Users\"><\/span>RGPD (Usuarios de la UE)<span class=\"ez-toc-section-end\"><\/span><\/h3>\r\n<p>Usted tiene derecho a acceder, corregir, eliminar o restringir el procesamiento de sus datos.<\/p>\r\n<h3><span class=\"ez-toc-section\" id=\"CCPA_California_Residents\"><\/span>CCPA (residentes de California)<span class=\"ez-toc-section-end\"><\/span><\/h3>\r\n<p>Usted tiene derecho a conocer, eliminar o rechazar la venta de informaci\u00f3n personal.<\/p>\r\n<h3><span class=\"ez-toc-section\" id=\"LGPD_Brazil_Users\"><\/span>LGPD (usuarios de Brasil)<span class=\"ez-toc-section-end\"><\/span><\/h3>\r\n<p>Tienes derecho a acceder, corregir, eliminar o solicitar la portabilidad de tus datos.<\/p>\r\n<p>Para ejercer estos derechos, por favor cont\u00e1ctenos.<\/p>\r\n<h2><span class=\"ez-toc-section\" id=\"i-5\"><\/span>\u00a0<span class=\"ez-toc-section-end\"><\/span><\/h2>\r\n<h2><span class=\"ez-toc-section\" id=\"5_Data_Security\"><\/span>5. Seguridad de los datos<span class=\"ez-toc-section-end\"><\/span><\/h2>\r\n<p>Implementamos medidas de seguridad adecuadas para proteger sus datos personales. Sin embargo, ning\u00fan m\u00e9todo de transmisi\u00f3n por internet es seguro.<\/p>\r\n<h2><span class=\"ez-toc-section\" id=\"i-6\"><\/span>\u00a0<span class=\"ez-toc-section-end\"><\/span><\/h2>\r\n<h2><span class=\"ez-toc-section\" id=\"6_Cookies_and_Tracking_Technologies\"><\/span>6. Cookies y tecnolog\u00edas de seguimiento<span class=\"ez-toc-section-end\"><\/span><\/h2>\r\n<p>Utilizamos cookies para mejorar la experiencia del usuario. Puede gestionar las preferencias de cookies en la configuraci\u00f3n de su navegador.<\/p>\r\n<h2><span class=\"ez-toc-section\" id=\"i-7\"><\/span>\u00a0<span class=\"ez-toc-section-end\"><\/span><\/h2>\r\n<h2><span class=\"ez-toc-section\" id=\"7_Changes_to_This_Policy\"><\/span>7. Cambios a esta Pol\u00edtica<span class=\"ez-toc-section-end\"><\/span><\/h2>\r\n<p>Podemos actualizar esta pol\u00edtica peri\u00f3dicamente. Los cambios se publicar\u00e1n en esta p\u00e1gina con la fecha de revisi\u00f3n actualizada.<\/p>\r\n<h2><span class=\"ez-toc-section\" id=\"i-8\"><\/span>\u00a0<span class=\"ez-toc-section-end\"><\/span><\/h2>\r\n<h2><span class=\"ez-toc-section\" id=\"8_Contact_Us\"><\/span>8. Cont\u00e1ctenos<span class=\"ez-toc-section-end\"><\/span><\/h2>\r\n<p>Si tiene alguna pregunta sobre esta Pol\u00edtica de Privacidad, cont\u00e1ctenos. contac@medicaltourismbrazil.com.br<\/p>","protected":false},"excerpt":{"rendered":"<p>Last Updated: 3rd March, 2025 Welcome to Medical Tourism Brazil (&#8220;we,&#8221; &#8220;our,&#8221; or &#8220;us&#8221;). Your privacy is important to us. This Privacy Policy explains how we collect, use, disclose, and protect your personal information in accordance with the General Data Protection Regulation (GDPR), the California Consumer Privacy Act (CCPA), and Brazil\u2019s General Data Protection Law [&hellip;]<\/p>\n","protected":false},"author":3,"featured_media":0,"parent":0,"menu_order":0,"comment_status":"closed","ping_status":"closed","template":"","meta":{"_acf_changed":false,"footnotes":""},"class_list":["post-14","page","type-page","status-publish","hentry"],"acf":[],"_links":{"self":[{"href":"https:\/\/medicaltourismbrazil.com.br\/es\/wp-json\/wp\/v2\/pages\/14","targetHints":{"allow":["GET"]}}],"collection":[{"href":"https:\/\/medicaltourismbrazil.com.br\/es\/wp-json\/wp\/v2\/pages"}],"about":[{"href":"https:\/\/medicaltourismbrazil.com.br\/es\/wp-json\/wp\/v2\/types\/page"}],"author":[{"embeddable":true,"href":"https:\/\/medicaltourismbrazil.com.br\/es\/wp-json\/wp\/v2\/users\/3"}],"replies":[{"embeddable":true,"href":"https:\/\/medicaltourismbrazil.com.br\/es\/wp-json\/wp\/v2\/comments?post=14"}],"version-history":[{"count":7,"href":"https:\/\/medicaltourismbrazil.com.br\/es\/wp-json\/wp\/v2\/pages\/14\/revisions"}],"predecessor-version":[{"id":26,"href":"https:\/\/medicaltourismbrazil.com.br\/es\/wp-json\/wp\/v2\/pages\/14\/revisions\/26"}],"wp:attachment":[{"href":"https:\/\/medicaltourismbrazil.com.br\/es\/wp-json\/wp\/v2\/media?parent=14"}],"curies":[{"name":"wp","href":"https:\/\/api.w.org\/{rel}","templated":true}]}}