{"id":160,"date":"2025-04-21T18:51:49","date_gmt":"2025-04-21T21:51:49","guid":{"rendered":"http:\/\/medicalbrazil-lp.testes\/?page_id=160"},"modified":"2025-10-30T17:55:27","modified_gmt":"2025-10-30T20:55:27","slug":"benefits-and-costs","status":"publish","type":"page","link":"https:\/\/medicaltourismbrazil.com.br\/es\/benefits-and-costs\/","title":{"rendered":"Benefits of Health, Cosmetic and Dental Treatment in Brazil and Costs"},"content":{"rendered":"<div id=\"ez-toc-container\" class=\"ez-toc-v2_0_82_2 counter-hierarchy ez-toc-counter ez-toc-grey ez-toc-container-direction\">\n<div class=\"ez-toc-title-container\">\n<p class=\"ez-toc-title\" style=\"cursor:inherit\">Content<\/p>\n<span class=\"ez-toc-title-toggle\"><\/span><\/div>\n<nav><ul class='ez-toc-list ez-toc-list-level-1' ><li class='ez-toc-page-1 ez-toc-heading-level-2'><a class=\"ez-toc-link ez-toc-heading-1\" href=\"https:\/\/medicaltourismbrazil.com.br\/es\/benefits-and-costs\/#Medical_and_Dental_Tourism_in_Brazil_Affordable_High-Quality_Care_Awaits_You\" >Turismo m\u00e9dico y dental en Brasil: atenci\u00f3n asequible y de alta calidad que le espera<\/a><ul class='ez-toc-list-level-3' ><li class='ez-toc-heading-level-3'><a class=\"ez-toc-link ez-toc-heading-2\" href=\"https:\/\/medicaltourismbrazil.com.br\/es\/benefits-and-costs\/#Why_Choose_Brazil_for_Medical_and_Dental_Procedures\" >\u00bfPor qu\u00e9 elegir Brasil para procedimientos m\u00e9dicos y dentales?<\/a><\/li><li class='ez-toc-page-1 ez-toc-heading-level-3'><a class=\"ez-toc-link ez-toc-heading-3\" href=\"https:\/\/medicaltourismbrazil.com.br\/es\/benefits-and-costs\/#Cost_of_Medical_and_Dental_Procedures_in_Brazil\" >Costo de los procedimientos m\u00e9dicos y dentales en Brasil<\/a><\/li><li class='ez-toc-page-1 ez-toc-heading-level-3'><a class=\"ez-toc-link ez-toc-heading-4\" href=\"https:\/\/medicaltourismbrazil.com.br\/es\/benefits-and-costs\/#Factors_Influencing_Costs\" >Factores que influyen en los costos<\/a><\/li><li class='ez-toc-page-1 ez-toc-heading-level-3'><a class=\"ez-toc-link ez-toc-heading-5\" href=\"https:\/\/medicaltourismbrazil.com.br\/es\/benefits-and-costs\/#Plan_Your_Medical_and_Dental_Journey_Today\" >Planifique su viaje m\u00e9dico y dental hoy<\/a><\/li><\/ul><\/li><\/ul><\/nav><\/div>\n<h2><span class=\"ez-toc-section\" id=\"Medical_and_Dental_Tourism_in_Brazil_Affordable_High-Quality_Care_Awaits_You\"><\/span>Turismo m\u00e9dico y dental en Brasil: atenci\u00f3n asequible y de alta calidad que le espera<span class=\"ez-toc-section-end\"><\/span><\/h2>\n<p>\u00bfEst\u00e1 considerando someterse a procedimientos m\u00e9dicos o dentales en el extranjero? El turismo m\u00e9dico se ha convertido en una tendencia creciente para pacientes que buscan atenci\u00f3n de alta calidad a un costo mucho menor al de sus pa\u00edses de origen. Brasil se destaca como un destino l\u00edder para procedimientos m\u00e9dicos y dentales, ofreciendo servicios de primera clase, profesionales capacitados y precios accesibles.<\/p>\n<p>En este art\u00edculo, exploraremos los numerosos beneficios y costos asociados con el turismo m\u00e9dico y dental en Brasil.<\/p>\n<h3><span class=\"ez-toc-section\" id=\"Why_Choose_Brazil_for_Medical_and_Dental_Procedures\"><\/span>\u00bfPor qu\u00e9 elegir Brasil para procedimientos m\u00e9dicos y dentales?<span class=\"ez-toc-section-end\"><\/span><\/h3>\n<p><img loading=\"lazy\" decoding=\"async\" class=\"wp-image-165 alignleft\" src=\"https:\/\/medicaltourismbrazil.com.br\/wp-content\/uploads\/2025\/04\/pexels-brunoscramgnon-585758-300x199.jpg\" alt=\"Silhouette of Two Boats on Body of Water in Rio de Janeiro City\" width=\"488\" height=\"324\" srcset=\"https:\/\/medicaltourismbrazil.com.br\/wp-content\/uploads\/2025\/04\/pexels-brunoscramgnon-585758-300x199.jpg 300w, https:\/\/medicaltourismbrazil.com.br\/wp-content\/uploads\/2025\/04\/pexels-brunoscramgnon-585758-1024x678.jpg 1024w, https:\/\/medicaltourismbrazil.com.br\/wp-content\/uploads\/2025\/04\/pexels-brunoscramgnon-585758-768x509.jpg 768w, https:\/\/medicaltourismbrazil.com.br\/wp-content\/uploads\/2025\/04\/pexels-brunoscramgnon-585758-1536x1017.jpg 1536w, https:\/\/medicaltourismbrazil.com.br\/wp-content\/uploads\/2025\/04\/pexels-brunoscramgnon-585758-2048x1356.jpg 2048w, https:\/\/medicaltourismbrazil.com.br\/wp-content\/uploads\/2025\/04\/pexels-brunoscramgnon-585758-18x12.jpg 18w\" sizes=\"auto, (max-width: 488px) 100vw, 488px\" \/><\/p>\n<p>Brasil ha sido reconocido desde hace tiempo como uno de los principales destinos de turismo m\u00e9dico a nivel mundial. Ya sea que busque una revisi\u00f3n dental de rutina, una cirug\u00eda est\u00e9tica avanzada o tratamientos m\u00e9dicos especializados, Brasil ofrece un nivel excepcional de atenci\u00f3n y experiencia. Aqu\u00ed le explicamos por qu\u00e9:<\/p>\n<h4>1. Atenci\u00f3n m\u00e9dica de primera clase a precios asequibles<\/h4>\n<p>Brasil goza de una excelente reputaci\u00f3n en materia de salud, con hospitales y cl\u00ednicas con acreditaci\u00f3n internacional y equipados con tecnolog\u00eda de vanguardia. El costo de los procedimientos m\u00e9dicos y dentales en Brasil es significativamente menor que en pa\u00edses como Estados Unidos, Canad\u00e1 o la mayor\u00eda de los pa\u00edses europeos, lo que lo convierte en una opci\u00f3n atractiva para quienes buscan atenci\u00f3n de alta calidad a un precio m\u00e1s bajo.<\/p>\n<p>Por ejemplo, los implantes dentales en Brasil pueden costar hasta 70% menos que en los EE. UU., y las cirug\u00edas cosm\u00e9ticas como la rinoplastia, la abdominoplastia y los estiramientos faciales se ofrecen a una fracci\u00f3n del costo sin comprometer la calidad.<\/p>\n<h4>2. M\u00e9dicos y dentistas altamente cualificados<\/h4>\n<p>Brasil alberga a algunos de los cirujanos y especialistas m\u00e1s prestigiosos del mundo, especialmente en campos como la cirug\u00eda pl\u00e1stica, la odontolog\u00eda y la cardiolog\u00eda. Muchos profesionales de la salud brasile\u00f1os se han formado en instituciones m\u00e9dicas de primer nivel a nivel mundial y suelen hablar ingl\u00e9s, lo que garantiza una comunicaci\u00f3n fluida con pacientes internacionales.<\/p>\n<h4>3. Tiempos de espera m\u00e1s cortos<\/h4>\n<p>En muchos pa\u00edses, la lista de espera para tratamientos m\u00e9dicos puede ser de meses o incluso a\u00f1os. Sin embargo, en Brasil, los pacientes suelen recibir tratamiento mucho m\u00e1s r\u00e1pido, con tiempos de espera m\u00ednimos tanto para procedimientos m\u00e9dicos como dentales.<\/p>\n<h4>4. Oportunidades tur\u00edsticas<\/h4>\n<p>Brasil no solo es conocido por sus servicios m\u00e9dicos, sino que tambi\u00e9n es un destino tur\u00edstico excepcional. Desde las hermosas playas de R\u00edo de Janeiro hasta el patrimonio cultural de Salvador, Brasil ofrece una combinaci\u00f3n perfecta de sanaci\u00f3n y exploraci\u00f3n. Muchos pacientes eligen Brasil no solo por sus necesidades de salud, sino tambi\u00e9n para disfrutar de la rica historia, la diversidad de paisajes y la vibrante cultura del pa\u00eds.<\/p>\n<h4>5. Paquetes integrales<\/h4>\n<p>Muchas cl\u00ednicas y hospitales brasile\u00f1os ofrecen paquetes de turismo m\u00e9dico que incluyen no solo el procedimiento en s\u00ed, sino tambi\u00e9n alojamiento, transporte y cuidados posteriores. Estos paquetes todo incluido facilitan el viaje de los pacientes internacionales, garantizando una experiencia fluida y sin estr\u00e9s.<\/p>\n<h3><span class=\"ez-toc-section\" id=\"Cost_of_Medical_and_Dental_Procedures_in_Brazil\"><\/span>Costo de los procedimientos m\u00e9dicos y dentales en Brasil<span class=\"ez-toc-section-end\"><\/span><\/h3>\n<p>Una de las razones m\u00e1s importantes por las que los pacientes eligen Brasil para sus procedimientos m\u00e9dicos y dentales es el ahorro en costos. A continuaci\u00f3n, se presenta una comparaci\u00f3n de algunos procedimientos comunes:<\/p>\n<h4>Procedimientos m\u00e9dicos:<\/h4>\n<ul>\n<li><strong>Cirug\u00eda est\u00e9tica<\/strong> (por ejemplo, aumento de senos, liposucci\u00f3n, abdominoplastia): 50% \u2013 70% m\u00e1s barato que en EE. UU. o Europa.<\/li>\n<li><strong>Procedimientos de cardiolog\u00eda<\/strong> (por ejemplo, angioplastia, cirug\u00eda de v\u00e1lvula card\u00edaca): 40% \u2013 60% m\u00e1s bajo que en Am\u00e9rica del Norte.<\/li>\n<li><strong>Cirug\u00eda ortop\u00e9dica<\/strong> (por ejemplo, reemplazo de rodilla o cadera): cuesta hasta $601 TP5T menos que en los EE. UU.<\/li>\n<\/ul>\n<h4>Procedimientos dentales:<\/h4>\n<ul>\n<li><strong>Implantes dentales:<\/strong> 60% \u2013 70% menos costoso que en EE.UU. o Europa.<\/li>\n<li><strong>Blanqueamiento dental:<\/strong> Hasta 50% m\u00e1s asequible en comparaci\u00f3n con los pa\u00edses occidentales.<\/li>\n<li><strong>Tratamiento de conducto radicular:<\/strong> Puede costar 50% menos que en Am\u00e9rica del Norte.<\/li>\n<\/ul>\n<h3><span class=\"ez-toc-section\" id=\"Factors_Influencing_Costs\"><\/span>Factores que influyen en los costos<span class=\"ez-toc-section-end\"><\/span><\/h3>\n<p>Los costos de los procedimientos m\u00e9dicos y dentales en Brasil pueden variar seg\u00fan la complejidad del tratamiento, la cl\u00ednica u hospital elegido y la ubicaci\u00f3n. Ciudades importantes como S\u00e3o Paulo, R\u00edo de Janeiro y Curitiba pueden ofrecer precios ligeramente m\u00e1s altos debido a su reputaci\u00f3n y al costo de vida. Sin embargo, la diferencia de precio entre Brasil y otros pa\u00edses sigue siendo considerable, incluso en estas ciudades.<\/p>\n<h3><span class=\"ez-toc-section\" id=\"Plan_Your_Medical_and_Dental_Journey_Today\"><\/span>Planifique su viaje m\u00e9dico y dental hoy<span class=\"ez-toc-section-end\"><\/span><\/h3>\n<p>Brasil es un destino privilegiado para quienes buscan atenci\u00f3n m\u00e9dica y dental asequible y de alta calidad. Con profesionales altamente capacitados, instalaciones de vanguardia y precios inigualables, el turismo m\u00e9dico en Brasil ofrece una oportunidad irresistible para que los pacientes mejoren su salud mientras disfrutan de una experiencia de viaje \u00fanica.<\/p>\n<p>Si est\u00e1 considerando un procedimiento m\u00e9dico o dental en el extranjero, Brasil deber\u00eda estar en el tope de su lista. <a href=\"\/es\/contact\/\"><strong>Cont\u00e1ctanos hoy<\/strong><\/a> para conocer m\u00e1s sobre los procedimientos disponibles, obtener cotizaciones personalizadas y comenzar a planificar su viaje de turismo m\u00e9dico a Brasil.<\/p>","protected":false},"excerpt":{"rendered":"<p>Medical and Dental Tourism in Brazil: Affordable, High-Quality Care Awaits You Are you considering medical or dental procedures abroad? Medical tourism has become a growing trend for patients seeking high-quality care at a fraction of the cost compared to their home countries. Brazil stands out as a top destination for medical and dental procedures, offering [&hellip;]<\/p>\n","protected":false},"author":3,"featured_media":0,"parent":0,"menu_order":0,"comment_status":"closed","ping_status":"closed","template":"","meta":{"_acf_changed":false,"footnotes":""},"class_list":["post-160","page","type-page","status-publish","hentry"],"acf":[],"_links":{"self":[{"href":"https:\/\/medicaltourismbrazil.com.br\/es\/wp-json\/wp\/v2\/pages\/160","targetHints":{"allow":["GET"]}}],"collection":[{"href":"https:\/\/medicaltourismbrazil.com.br\/es\/wp-json\/wp\/v2\/pages"}],"about":[{"href":"https:\/\/medicaltourismbrazil.com.br\/es\/wp-json\/wp\/v2\/types\/page"}],"author":[{"embeddable":true,"href":"https:\/\/medicaltourismbrazil.com.br\/es\/wp-json\/wp\/v2\/users\/3"}],"replies":[{"embeddable":true,"href":"https:\/\/medicaltourismbrazil.com.br\/es\/wp-json\/wp\/v2\/comments?post=160"}],"version-history":[{"count":8,"href":"https:\/\/medicaltourismbrazil.com.br\/es\/wp-json\/wp\/v2\/pages\/160\/revisions"}],"predecessor-version":[{"id":402,"href":"https:\/\/medicaltourismbrazil.com.br\/es\/wp-json\/wp\/v2\/pages\/160\/revisions\/402"}],"wp:attachment":[{"href":"https:\/\/medicaltourismbrazil.com.br\/es\/wp-json\/wp\/v2\/media?parent=160"}],"curies":[{"name":"wp","href":"https:\/\/api.w.org\/{rel}","templated":true}]}}